{"id":82,"date":"2013-02-15T23:17:33","date_gmt":"2013-02-15T22:17:33","guid":{"rendered":"http:\/\/mozirje.info\/duomix2012\/?page_id=82"},"modified":"2026-03-14T23:35:23","modified_gmt":"2026-03-14T22:35:23","slug":"multimedija-video","status":"publish","type":"page","link":"http:\/\/mozirje.info\/duomix2012\/multimedija-video\/","title":{"rendered":"MULTIMEDIJA \/ VIDEO"},"content":{"rendered":"\t\t<div data-elementor-type=\"wp-page\" data-elementor-id=\"82\" class=\"elementor elementor-82\">\n\t\t\t\t\t\t<section class=\"elementor-section elementor-top-section elementor-element elementor-element-5e1b0d37 elementor-section-boxed elementor-section-height-default elementor-section-height-default\" data-id=\"5e1b0d37\" data-element_type=\"section\" data-e-type=\"section\">\n\t\t\t\t\t\t<div class=\"elementor-container elementor-column-gap-default\">\n\t\t\t\t\t<div class=\"elementor-column elementor-col-100 elementor-top-column elementor-element elementor-element-50b20f07\" data-id=\"50b20f07\" data-element_type=\"column\" data-e-type=\"column\">\n\t\t\t<div class=\"elementor-widget-wrap elementor-element-populated\">\n\t\t\t\t\t\t<div class=\"elementor-element elementor-element-45c61ed elementor-widget elementor-widget-text-editor\" data-id=\"45c61ed\" data-element_type=\"widget\" data-e-type=\"widget\" data-widget_type=\"text-editor.default\">\n\t\t\t\t<div class=\"elementor-widget-container\">\n\t\t\t\t\t\t\t\t\t<p><strong>IZREZ IZ IGRANJA &#8211; V \u017dIVO &#8211; TRIO MIX &#8211; TA SOSEDOV FRANCELJ &#8211; LIVE (2025)<\/strong><\/p>\t\t\t\t\t\t\t\t<\/div>\n\t\t\t\t<\/div>\n\t\t\t\t<div class=\"elementor-element elementor-element-7dc0d5e elementor-widget elementor-widget-video\" data-id=\"7dc0d5e\" data-element_type=\"widget\" data-e-type=\"widget\" data-settings=\"{&quot;youtube_url&quot;:&quot;https:\\\/\\\/youtu.be\\\/1RW-MCsOwAU&quot;,&quot;video_type&quot;:&quot;youtube&quot;,&quot;controls&quot;:&quot;yes&quot;}\" data-widget_type=\"video.default\">\n\t\t\t\t<div class=\"elementor-widget-container\">\n\t\t\t\t\t\t\t<div class=\"elementor-wrapper elementor-open-inline\">\n\t\t\t<div class=\"elementor-video\"><\/div>\t\t<\/div>\n\t\t\t\t\t\t<\/div>\n\t\t\t\t<\/div>\n\t\t\t\t<div class=\"elementor-element elementor-element-75f9d0d elementor-widget elementor-widget-text-editor\" data-id=\"75f9d0d\" data-element_type=\"widget\" data-e-type=\"widget\" data-widget_type=\"text-editor.default\">\n\t\t\t\t<div class=\"elementor-widget-container\">\n\t\t\t\t\t\t\t\t\t<p><strong>IZREZ IZ IGRANJA &#8211; V \u017dIVO &#8211; TRIO MIX &#8211; 30 LET- LIVE (2025)<\/strong><\/p>\t\t\t\t\t\t\t\t<\/div>\n\t\t\t\t<\/div>\n\t\t\t\t<div class=\"elementor-element elementor-element-72e4143 elementor-widget elementor-widget-video\" data-id=\"72e4143\" data-element_type=\"widget\" data-e-type=\"widget\" data-settings=\"{&quot;youtube_url&quot;:&quot;https:\\\/\\\/youtu.be\\\/jRnf-QpJaGA&quot;,&quot;video_type&quot;:&quot;youtube&quot;,&quot;controls&quot;:&quot;yes&quot;}\" data-widget_type=\"video.default\">\n\t\t\t\t<div class=\"elementor-widget-container\">\n\t\t\t\t\t\t\t<div class=\"elementor-wrapper elementor-open-inline\">\n\t\t\t<div class=\"elementor-video\"><\/div>\t\t<\/div>\n\t\t\t\t\t\t<\/div>\n\t\t\t\t<\/div>\n\t\t\t\t<div class=\"elementor-element elementor-element-42f2e11e elementor-widget elementor-widget-text-editor\" data-id=\"42f2e11e\" data-element_type=\"widget\" data-e-type=\"widget\" data-widget_type=\"text-editor.default\">\n\t\t\t\t<div class=\"elementor-widget-container\">\n\t\t\t\t\t\t\t\t\t\n<p><strong><strong>IZREZ IZ IGRANJA &#8211; V \u017dIVO &#8211; TRIO MIX &#8211; ko nam brani &#8211; LIVE (2023)<\/strong><\/strong><\/p>\n\n<p><iframe title=\"YouTube video player\" src=\"https:\/\/www.youtube.com\/embed\/mBtF9LGpWmA?si=9NH32Ip86TKeYo8O\" width=\"754\" height=\"424\" frameborder=\"0\" allowfullscreen=\"allowfullscreen\"><\/iframe><\/p>\n\n<p><strong><strong>IZREZ IZ IGRANJA &#8211; V \u017dIVO &#8211; TRIO MIX &#8211; RIBARI (VINKO COCE) &#8211; LIVE (2023)<\/strong><\/strong><\/p>\n\n<p><iframe title=\"YouTube video player\" src=\"https:\/\/www.youtube.com\/embed\/ftNbUyKnmdU?si=IvU3g0uWKLzYkcF6\" width=\"754\" height=\"424\" frameborder=\"0\" allowfullscreen=\"allowfullscreen\"><\/iframe><\/p>\n\n<p><strong><strong>IZREZ IZ IGRANJA &#8211; V \u017dIVO &#8211; TRIO MIX &#8211; Nosi mi se bjela boja &#8211; LIVE (2023)<\/strong><\/strong><\/p>\n\n<p><iframe title=\"YouTube video player\" src=\"https:\/\/www.youtube.com\/embed\/0PFFC-45SJA?si=CO4zI4EFjsBxGqY1\" width=\"754\" height=\"424\" frameborder=\"0\" allowfullscreen=\"allowfullscreen\"><\/iframe><\/p>\n\n<p><strong><strong>IZREZ IZ IGRANJA &#8211; V \u017dIVO &#8211; TRIO MIX &#8211; Da te mogu pismom zvati in Ru\u017eo moja crvena medley &#8211; LIVE (2023)<\/strong><\/strong><\/p>\n\n<p><iframe title=\"YouTube video player\" src=\"https:\/\/www.youtube.com\/embed\/PZaL0vEYl30?si=SJz0O-QPBn2ss-bj\" width=\"754\" height=\"424\" frameborder=\"0\" allowfullscreen=\"allowfullscreen\"><\/iframe><\/p>\n\n<p><strong><strong>IZREZ IZ IGRANJA &#8211; V \u017dIVO &#8211; AKU SU TO BILE SAMO LA\u017dI (2023)<\/strong><\/strong><\/p>\n\n<p><iframe title=\"YouTube video player\" src=\"https:\/\/www.youtube.com\/embed\/dTTqKjn6pLI?si=s9SWLUtRslqYmt2i\" width=\"754\" height=\"424\" frameborder=\"0\" allowfullscreen=\"allowfullscreen\"><\/iframe><\/p>\n\n<p><strong><strong>IZREZ IZ IGRANJA &#8211; V \u017dIVO &#8211; VE\u010cERAS JE NA\u0160A FE\u0160TA (2023)<\/strong><\/strong><\/p>\n\n<p><iframe title=\"YouTube video player\" src=\"https:\/\/www.youtube.com\/embed\/ZtmLRxllUdE?si=i0usIITIOPzvuQk6\" width=\"754\" height=\"424\" frameborder=\"0\" allowfullscreen=\"allowfullscreen\"><\/iframe><\/p>\n\n<p><strong><strong>IZREZ IZ IGRANJA &#8211; V \u017dIVO &#8211; TRIO MIX &#8211; Umirem (100 puta dnevno) &#8211; LIVE (2023)<\/strong><\/strong><\/p>\n\n<p><iframe title=\"YouTube video player\" src=\"https:\/\/www.youtube.com\/embed\/pgXwWhKhAlQ?si=hv07AU-p_YgE4SgT\" width=\"754\" height=\"424\" frameborder=\"0\" allowfullscreen=\"allowfullscreen\"><\/iframe><\/p>\n\n<p><strong><strong>IZREZ IZ IGRANJA &#8211; V \u017dIVO &#8211; TRIO MIX &#8211; Toni ma pa lepo kapo &#8211; LIVE (2023)<\/strong><\/strong><\/p>\n\n<p><iframe title=\"YouTube video player\" src=\"https:\/\/www.youtube.com\/embed\/cSnPlmtUIbY?si=7ryivbxgqaiq77TB\" width=\"754\" height=\"424\" frameborder=\"0\" allowfullscreen=\"allowfullscreen\"><\/iframe><\/p>\n\n<p><strong><strong>IZREZ IZ IGRANJA &#8211; V \u017dIVO &#8211; TU SEI LUNICA DONNA PER ME (2022)<\/strong><\/strong><\/p>\n\n<p><iframe title=\"YouTube video player\" src=\"https:\/\/www.youtube.com\/embed\/69diw8NI5Aw\" width=\"754\" height=\"424\" frameborder=\"0\" allowfullscreen=\"allowfullscreen\"><\/iframe><\/p>\n\n<p><strong><strong>IZREZ IZ IGRANJA &#8211; V \u017dIVO &#8211; ZEMLJA PLE\u0160E (2022)<\/strong><\/strong><\/p>\n\n<p><iframe title=\"YouTube video player\" src=\"https:\/\/www.youtube.com\/embed\/qTtOrZ1BSUQ\" width=\"754\" height=\"424\" frameborder=\"0\" allowfullscreen=\"allowfullscreen\"><\/iframe><\/p>\n\n<p><strong><strong>IZREZ IZ IGRANJA &#8211; V \u017dIVO &#8211; O ne, Cherie (2022)<\/strong><\/strong><\/p>\n\n<p><iframe title=\"YouTube video player\" src=\"https:\/\/www.youtube.com\/embed\/zDw8gj76sBA\" width=\"754\" height=\"424\" frameborder=\"0\" allowfullscreen=\"allowfullscreen\"><\/iframe><\/p>\n\n<p><strong><strong>IZREZ IZ IGRANJA &#8211; V \u017dIVO &#8211; KAD MI DODJE\u0160 TI (avgust 2019) <\/strong><\/strong><\/p>\n\n<p><iframe src=\"https:\/\/www.youtube.com\/embed\/ZUzO2HS9Oc0\" width=\"754\" height=\"424\" frameborder=\"0\" allowfullscreen=\"allowfullscreen\"><\/iframe><\/p>\n\n<p><strong><strong>PRVI PLES MLADOPORO\u010cENCEV &#8211; V \u017dIVO &#8211; Unchain melody (junij 2019) <\/strong><\/strong><\/p>\n\n<p><iframe src=\"https:\/\/www.youtube.com\/embed\/hhEfev4Ikto\" width=\"754\" height=\"424\" frameborder=\"0\" allowfullscreen=\"allowfullscreen\"><\/iframe><\/p>\n\n<p><strong><strong>IZREZ IZ IGRANJA &#8211; V \u017dIVO &#8211; Zbog jedne divne crne \u017eene (junij 2019) <\/strong><\/strong><\/p>\n\n<p><iframe src=\"https:\/\/www.youtube.com\/embed\/7tkP2qx_wY0\" width=\"754\" height=\"424\" frameborder=\"0\" allowfullscreen=\"allowfullscreen\"><\/iframe><\/p>\n\n<p><strong><strong>AUDIO IZREZ IZ IGRANJA &#8211; V \u017dIVO &#8211; O, SOLE MIO (april 2019) <\/strong><\/strong><\/p>\n\n<p><iframe src=\"https:\/\/www.youtube.com\/embed\/ymefHwOa4Y8\" width=\"754\" height=\"424\" frameborder=\"0\" allowfullscreen=\"allowfullscreen\"><\/iframe><\/p>\n\n<p><strong>NEKAJ UTRINKOV IZ SILVESTROVANJA NA PROSTEM, Da\u010do Bife, Re\u010dica ob Savinji 2016\/2017<\/strong><\/p>\n\n<p><iframe src=\"https:\/\/www.youtube.com\/embed\/o7nt8tRxhO4\" width=\"754\" height=\"424\" frameborder=\"0\" allowfullscreen=\"allowfullscreen\"><\/iframe><\/p>\n\n<p><iframe src=\"https:\/\/www.youtube.com\/embed\/9t-HiYGgz-Q\" width=\"754\" height=\"424\" frameborder=\"0\" allowfullscreen=\"allowfullscreen\"><\/iframe><\/p>\n\n<p><strong>SILVESTROVANJE GOLTE 2012<\/strong><\/p>\n\n<p><iframe src=\"http:\/\/www.youtube.com\/embed\/39UCWuJxgGM?rel=0\" width=\"754\" height=\"424\" frameborder=\"0\" allowfullscreen=\"allowfullscreen\"><\/iframe><\/p>\n\n<p><iframe src=\"http:\/\/www.youtube.com\/embed\/-P8gDcEPLTY?rel=0\" width=\"754\" height=\"424\" frameborder=\"0\" allowfullscreen=\"allowfullscreen\"><\/iframe><\/p>\n\n<p><iframe src=\"http:\/\/www.youtube.com\/embed\/9KW73zgQfeM?rel=0\" width=\"754\" height=\"424\" frameborder=\"0\" allowfullscreen=\"allowfullscreen\"><\/iframe><\/p>\n\n<p><iframe src=\"http:\/\/www.youtube.com\/embed\/Y3SZZKZm8Yk?rel=0\" width=\"754\" height=\"424\" frameborder=\"0\" allowfullscreen=\"allowfullscreen\"><\/iframe><\/p>\n\n<p><iframe src=\"http:\/\/www.youtube.com\/embed\/V-Q5nb0RXhg?rel=0\" width=\"754\" height=\"424\" frameborder=\"0\" allowfullscreen=\"allowfullscreen\"><\/iframe><\/p>\n\n<p><iframe src=\"http:\/\/www.youtube.com\/embed\/mDQYvb9EZog?rel=0\" width=\"754\" height=\"424\" frameborder=\"0\" allowfullscreen=\"allowfullscreen\"><\/iframe><\/p>\n\n<p><iframe src=\"http:\/\/www.youtube.com\/embed\/PlgZ0DAKt1o?rel=0\" width=\"754\" height=\"424\" frameborder=\"0\" allowfullscreen=\"allowfullscreen\"><\/iframe><\/p>\n\t\t\t\t\t\t\t\t<\/div>\n\t\t\t\t<\/div>\n\t\t\t\t\t<\/div>\n\t\t<\/div>\n\t\t\t\t\t<\/div>\n\t\t<\/section>\n\t\t\t\t<\/div>\n\t\t","protected":false},"excerpt":{"rendered":"<p>IZREZ IZ IGRANJA &#8211; V \u017dIVO &#8211; TRIO MIX &#8211; TA SOSEDOV FRANCELJ &#8211; LIVE (2025) https:\/\/youtu.be\/1RW-MCsOwAU IZREZ IZ IGRANJA [&hellip;]<\/p>\n","protected":false},"author":1,"featured_media":916,"parent":0,"menu_order":0,"comment_status":"closed","ping_status":"open","template":"","meta":{"om_disable_all_campaigns":false,"_monsterinsights_skip_tracking":false,"_monsterinsights_sitenote_active":false,"_monsterinsights_sitenote_note":"","_monsterinsights_sitenote_category":0,"ngg_post_thumbnail":0,"footnotes":""},"class_list":["post-82","page","type-page","status-publish","has-post-thumbnail","hentry"],"aioseo_notices":[],"_links":{"self":[{"href":"http:\/\/mozirje.info\/duomix2012\/wp-json\/wp\/v2\/pages\/82","targetHints":{"allow":["GET"]}}],"collection":[{"href":"http:\/\/mozirje.info\/duomix2012\/wp-json\/wp\/v2\/pages"}],"about":[{"href":"http:\/\/mozirje.info\/duomix2012\/wp-json\/wp\/v2\/types\/page"}],"author":[{"embeddable":true,"href":"http:\/\/mozirje.info\/duomix2012\/wp-json\/wp\/v2\/users\/1"}],"replies":[{"embeddable":true,"href":"http:\/\/mozirje.info\/duomix2012\/wp-json\/wp\/v2\/comments?post=82"}],"version-history":[{"count":56,"href":"http:\/\/mozirje.info\/duomix2012\/wp-json\/wp\/v2\/pages\/82\/revisions"}],"predecessor-version":[{"id":1144,"href":"http:\/\/mozirje.info\/duomix2012\/wp-json\/wp\/v2\/pages\/82\/revisions\/1144"}],"wp:featuredmedia":[{"embeddable":true,"href":"http:\/\/mozirje.info\/duomix2012\/wp-json\/wp\/v2\/media\/916"}],"wp:attachment":[{"href":"http:\/\/mozirje.info\/duomix2012\/wp-json\/wp\/v2\/media?parent=82"}],"curies":[{"name":"wp","href":"https:\/\/api.w.org\/{rel}","templated":true}]}}