{"id":16,"date":"2013-07-08T17:51:23","date_gmt":"2013-07-08T15:51:23","guid":{"rendered":"http:\/\/mozirje.info\/mozirje\/?page_id=16"},"modified":"2017-08-10T18:36:23","modified_gmt":"2017-08-10T16:36:23","slug":"kontakt","status":"publish","type":"page","link":"https:\/\/mozirje.info\/mozirje\/kontakt\/","title":{"rendered":"KONTAKT"},"content":{"rendered":"<p>&nbsp;<\/p>\n<table style=\"width: 600px; height: 754px;\" border=\"0\">\n<tbody>\n<tr valign=\"top\">\n<td align=\"left\">\n<div>\n<p><strong>OB\u010cINA MOZIRJE:<\/strong><\/p>\n<p>\u017dupan: g.Ivan Suhover\u0161nik<br \/>\n\u0160mihelska cesta 2, 3330 Mozirje<br \/>\nTelefon +386 03\/893 33 00<br \/>\nFax +386 03\/839 33 05<br \/>\nE-po\u0161ta obcina.mozirje@siol.net<\/p>\n<p><strong>TURIZEM:<\/strong><\/p>\n<p>Turisti\u010dno dru\u0161tvo Mozirje<br \/>\nHribernikova 1<br \/>\n3330 Mozirje<br \/>\nTel: 03 839 04 12<br \/>\ne-mail:drustvo.mozirje@amis.net<\/p>\n<p><strong>GOSPODARSTVO:<\/strong><\/p>\n<p>SAVINJSKO \u0160ALE\u0160KA OBMO\u010cNA<br \/>\nRAZVOJNA AGENCIJA d.o.o<br \/>\nSavinjska cesta 39<br \/>\n3330 MOZIRJE<br \/>\nTEL: 03 839 47 53<br \/>\nora@siol.net<\/p>\n<p>ZGORNJE SAVINJSKA<br \/>\nOBRTNA ZBORNICA MOZIRJE<br \/>\nSAVINJSKA CESTA 39<br \/>\nMOZIRJE<br \/>\nTEL:03 839 15 00<\/p>\n<p><strong>KULTURA:<\/strong><\/p>\n<p>JSKD OI MOZIRJE<br \/>\nHribernikova 1, 3330 Mozirje<br \/>\nTelefon: 03\/ 837-02-70<br \/>\nE-po\u0161ta: oi.mozirje@jskd.si<\/p>\n<p><strong>AVTORJI PROJEKTA:<\/strong><br \/>\nGSM: 070\/833-228<br \/>\nE-po\u0161ta: damix@t-2.net<\/p>\n<\/div>\n<\/td>\n<td>\n<h2><strong>KONTAKTNI OBRAZEC:<\/strong><\/h2>\n<p>\n<div class=\"wpcf7 no-js\" id=\"wpcf7-f894-o1\" lang=\"sl-SI\" dir=\"ltr\" data-wpcf7-id=\"894\">\n<div class=\"screen-reader-response\"><p role=\"status\" aria-live=\"polite\" aria-atomic=\"true\"><\/p> <ul><\/ul><\/div>\n<form action=\"\/mozirje\/wp-json\/wp\/v2\/pages\/16#wpcf7-f894-o1\" method=\"post\" class=\"wpcf7-form init\" aria-label=\"Kontaktni obrazec\" novalidate=\"novalidate\" data-status=\"init\">\n<fieldset class=\"hidden-fields-container\"><input type=\"hidden\" name=\"_wpcf7\" value=\"894\" \/><input type=\"hidden\" name=\"_wpcf7_version\" value=\"6.1.5\" \/><input type=\"hidden\" name=\"_wpcf7_locale\" value=\"sl_SI\" \/><input type=\"hidden\" name=\"_wpcf7_unit_tag\" value=\"wpcf7-f894-o1\" \/><input type=\"hidden\" name=\"_wpcf7_container_post\" value=\"0\" \/><input type=\"hidden\" name=\"_wpcf7_posted_data_hash\" value=\"\" \/>\n<\/fieldset>\n<p>Ime in Priimek (obvezno):\n<\/p>\n<p><span class=\"wpcf7-form-control-wrap\" data-name=\"your-name\"><input size=\"40\" maxlength=\"400\" class=\"wpcf7-form-control wpcf7-text wpcf7-validates-as-required\" aria-required=\"true\" aria-invalid=\"false\" placeholder=\"npr.: Janez Novak\" value=\"\" type=\"text\" name=\"your-name\" \/><\/span>\n<\/p>\n<p>Va\u0161 veljaven eMail (obvezno):\n<\/p>\n<p><span class=\"wpcf7-form-control-wrap\" data-name=\"your-email\"><input size=\"40\" maxlength=\"400\" class=\"wpcf7-form-control wpcf7-email wpcf7-validates-as-required wpcf7-text wpcf7-validates-as-email\" aria-required=\"true\" aria-invalid=\"false\" placeholder=\"npr.: info@mozirje.info\" value=\"\" type=\"email\" name=\"your-email\" \/><\/span>\n<\/p>\n<p>Va\u0161 telefon\/GSM (ni obvezno):\n<\/p>\n<p><span class=\"wpcf7-form-control-wrap\" data-name=\"tel-34\"><input size=\"40\" maxlength=\"400\" class=\"wpcf7-form-control wpcf7-tel wpcf7-text wpcf7-validates-as-tel\" aria-invalid=\"false\" placeholder=\"npr.: 041 326 862\" value=\"\" type=\"tel\" name=\"tel-34\" \/><\/span>\n<\/p>\n<p>NASLOV SPORO\u010cILA (obvezno):\n<\/p>\n<p><span class=\"wpcf7-form-control-wrap\" data-name=\"your-subject\"><input size=\"40\" maxlength=\"400\" class=\"wpcf7-form-control wpcf7-text wpcf7-validates-as-required\" aria-required=\"true\" aria-invalid=\"false\" value=\"\" type=\"text\" name=\"your-subject\" \/><\/span>\n<\/p>\n<p>VSEBINA SPORO\u010cILA (obvezno):\n<\/p>\n<p><span class=\"wpcf7-form-control-wrap\" data-name=\"your-message\"><textarea cols=\"40\" rows=\"10\" maxlength=\"2000\" class=\"wpcf7-form-control wpcf7-textarea wpcf7-validates-as-required\" aria-required=\"true\" aria-invalid=\"false\" name=\"your-message\"><\/textarea><\/span>\n<\/p>\n<p>PREVERJANJE PRISTNOSTI\n<\/p>\n<p><input type=\"hidden\" name=\"_wpcf7_captcha_challenge_captcha-716\" value=\"1163100354\" \/><img decoding=\"async\" class=\"wpcf7-form-control wpcf7-captchac wpcf7-captcha-captcha-716\" width=\"84\" height=\"28\" alt=\"captcha\" src=\"https:\/\/mozirje.info\/mozirje\/wp-content\/uploads\/wpcf7_captcha\/1163100354.png\" \/>\n<\/p>\n<p>(prepi\u0161ite \u010drke iz slike v varnostno polje)\n<\/p>\n<p><span class=\"wpcf7-form-control-wrap\" data-name=\"captcha-716\"><input size=\"40\" class=\"wpcf7-form-control wpcf7-captchar\" autocomplete=\"off\" aria-invalid=\"false\" value=\"\" type=\"text\" name=\"captcha-716\" \/><\/span>\n<\/p>\n<p><input class=\"wpcf7-form-control wpcf7-submit has-spinner\" type=\"submit\" value=\"Po\u0161lji\" \/>\n<\/p><p style=\"display: none !important;\" class=\"akismet-fields-container\" data-prefix=\"_wpcf7_ak_\"><label>&#916;<textarea name=\"_wpcf7_ak_hp_textarea\" cols=\"45\" rows=\"8\" maxlength=\"100\"><\/textarea><\/label><input type=\"hidden\" id=\"ak_js_1\" name=\"_wpcf7_ak_js\" value=\"181\"\/><script>document.getElementById( \"ak_js_1\" ).setAttribute( \"value\", ( new Date() ).getTime() );<\/script><\/p><div class=\"wpcf7-response-output\" aria-hidden=\"true\"><\/div>\n<\/form>\n<\/div>\n<\/td>\n<\/tr>\n<tr>\n<td>&nbsp;<\/td>\n<td>&nbsp;<\/td>\n<\/tr>\n<\/tbody>\n<\/table>\n<p><\/p>\n","protected":false},"excerpt":{"rendered":"<p>&nbsp; OB\u010cINA MOZIRJE: \u017dupan: g.Ivan Suhover\u0161nik \u0160mihelska cesta 2, 3330 Mozirje Telefon +386 03\/893 33 00 Fax +386 03\/839 33 05 E-po\u0161ta obcina.mozirje@siol.net TURIZEM: Turisti\u010dno dru\u0161tvo Mozirje Hribernikova 1 3330 Mozirje Tel: 03 839 04 12 e-mail:drustvo.mozirje@amis.net GOSPODARSTVO: SAVINJSKO \u0160ALE\u0160KA OBMO\u010cNA RAZVOJNA AGENCIJA d.o.o Savinjska cesta 39 3330 MOZIRJE TEL: 03 839 47 53 ora@siol.net [&hellip;]<\/p>\n","protected":false},"author":1,"featured_media":0,"parent":0,"menu_order":3,"comment_status":"open","ping_status":"closed","template":"","meta":{"footnotes":""},"class_list":["post-16","page","type-page","status-publish","hentry"],"aioseo_notices":[],"_links":{"self":[{"href":"https:\/\/mozirje.info\/mozirje\/wp-json\/wp\/v2\/pages\/16","targetHints":{"allow":["GET"]}}],"collection":[{"href":"https:\/\/mozirje.info\/mozirje\/wp-json\/wp\/v2\/pages"}],"about":[{"href":"https:\/\/mozirje.info\/mozirje\/wp-json\/wp\/v2\/types\/page"}],"author":[{"embeddable":true,"href":"https:\/\/mozirje.info\/mozirje\/wp-json\/wp\/v2\/users\/1"}],"replies":[{"embeddable":true,"href":"https:\/\/mozirje.info\/mozirje\/wp-json\/wp\/v2\/comments?post=16"}],"version-history":[{"count":9,"href":"https:\/\/mozirje.info\/mozirje\/wp-json\/wp\/v2\/pages\/16\/revisions"}],"predecessor-version":[{"id":1680,"href":"https:\/\/mozirje.info\/mozirje\/wp-json\/wp\/v2\/pages\/16\/revisions\/1680"}],"wp:attachment":[{"href":"https:\/\/mozirje.info\/mozirje\/wp-json\/wp\/v2\/media?parent=16"}],"curies":[{"name":"wp","href":"https:\/\/api.w.org\/{rel}","templated":true}]}}