{"id":883,"date":"2015-02-28T23:30:42","date_gmt":"2015-02-28T22:30:42","guid":{"rendered":"http:\/\/mozirje.info\/mozirje\/?page_id=883"},"modified":"2024-04-15T16:41:48","modified_gmt":"2024-04-15T14:41:48","slug":"dodajanje-dogodkov-eventov","status":"publish","type":"page","link":"https:\/\/mozirje.info\/mozirje\/dogodki\/dodajanje-dogodkov-eventov\/","title":{"rendered":"DODAJANJE DOGODKOV \/ EVENTOV"},"content":{"rendered":"\n<div class=\"wpcf7 no-js\" id=\"wpcf7-f4044-o1\" lang=\"sl-SI\" dir=\"ltr\" data-wpcf7-id=\"4044\">\n<div class=\"screen-reader-response\"><p role=\"status\" aria-live=\"polite\" aria-atomic=\"true\"><\/p> <ul><\/ul><\/div>\n<form action=\"\/mozirje\/wp-json\/wp\/v2\/pages\/883#wpcf7-f4044-o1\" method=\"post\" class=\"wpcf7-form init\" aria-label=\"Kontaktni obrazec\" novalidate=\"novalidate\" data-status=\"init\">\n<fieldset class=\"hidden-fields-container\"><input type=\"hidden\" name=\"_wpcf7\" value=\"4044\" \/><input type=\"hidden\" name=\"_wpcf7_version\" value=\"6.1.5\" \/><input type=\"hidden\" name=\"_wpcf7_locale\" value=\"sl_SI\" \/><input type=\"hidden\" name=\"_wpcf7_unit_tag\" value=\"wpcf7-f4044-o1\" \/><input type=\"hidden\" name=\"_wpcf7_container_post\" value=\"0\" \/><input type=\"hidden\" name=\"_wpcf7_posted_data_hash\" value=\"\" \/>\n<\/fieldset>\n<p><B>POMEMBNO!<br \/>\nVsak, ki bo vpisal dogodek na portal MOZIRJE.INFO je sam osebno odgovoren za vpisano vsebino, resni\u010dnost in verodostojnost podatkov.<br \/>\nMozirje.info ne more zagotavljati popolno sledenje, resni\u010dnost, pravilnost ter preverjanja vseh vpisanih podatkov, zato upravitelj oz. administrator portala Mozirje.info ne more in ne odgovarja za morebitne napake pri vpisih in objavah vpisanih dogodkov!<\/b>\n<\/p>\n<p>Ime in Priimek (obvezno):\n<\/p>\n<p><span class=\"wpcf7-form-control-wrap\" data-name=\"your-name\"><input size=\"40\" maxlength=\"400\" class=\"wpcf7-form-control wpcf7-text wpcf7-validates-as-required\" aria-required=\"true\" aria-invalid=\"false\" placeholder=\"npr.: Janez Novak\" value=\"\" type=\"text\" name=\"your-name\" \/><\/span>\n<\/p>\n<p>Va\u0161 veljaven eMail (obvezno):\n<\/p>\n<p><span class=\"wpcf7-form-control-wrap\" data-name=\"your-email\"><input size=\"40\" maxlength=\"400\" class=\"wpcf7-form-control wpcf7-email wpcf7-validates-as-required wpcf7-text wpcf7-validates-as-email\" aria-required=\"true\" aria-invalid=\"false\" placeholder=\"npr.: info@mozirje.info\" value=\"\" type=\"email\" name=\"your-email\" \/><\/span>\n<\/p>\n<p>Va\u0161 telefon\/GSM (ni obvezno):\n<\/p>\n<p><span class=\"wpcf7-form-control-wrap\" data-name=\"tel-34\"><input size=\"40\" maxlength=\"400\" class=\"wpcf7-form-control wpcf7-tel wpcf7-text wpcf7-validates-as-tel\" aria-invalid=\"false\" placeholder=\"npr.: 041 326 862\" value=\"\" type=\"tel\" name=\"tel-34\" \/><\/span>\n<\/p>\n<p>NASLOV \/ IME DOGODKA (obvezno):\n<\/p>\n<p><span class=\"wpcf7-form-control-wrap\" data-name=\"your-subject\"><input size=\"40\" maxlength=\"400\" class=\"wpcf7-form-control wpcf7-text wpcf7-validates-as-required\" aria-required=\"true\" aria-invalid=\"false\" value=\"\" type=\"text\" name=\"your-subject\" \/><\/span>\n<\/p>\n<p>VSEBINA DOGODKA (obvezno):\n<\/p>\n<p><span class=\"wpcf7-form-control-wrap\" data-name=\"your-message\"><textarea cols=\"40\" rows=\"10\" maxlength=\"2000\" class=\"wpcf7-form-control wpcf7-textarea wpcf7-validates-as-required\" aria-required=\"true\" aria-invalid=\"false\" name=\"your-message\"><\/textarea><\/span>\n<\/p>\n<p><b>PODROBNOSTI DOGODKA (obvezno):<\/b>\n<\/p>\n<p>KRAJ DOGODKA:<br \/>\n<span class=\"wpcf7-form-control-wrap\" data-name=\"text-318\"><input size=\"40\" maxlength=\"400\" class=\"wpcf7-form-control wpcf7-text wpcf7-validates-as-required\" aria-required=\"true\" aria-invalid=\"false\" value=\"\" type=\"text\" name=\"text-318\" \/><\/span><br \/>\nZA\u010cETEK DOGODKA (DATUM):<br \/>\n<span class=\"wpcf7-form-control-wrap\" data-name=\"text-984\"><input size=\"40\" maxlength=\"400\" class=\"wpcf7-form-control wpcf7-text wpcf7-validates-as-required\" aria-required=\"true\" aria-invalid=\"false\" placeholder=\"npr.: 02.04.2015\" value=\"\" type=\"text\" name=\"text-984\" \/><\/span><br \/>\nZA\u010cETKA DOGODKA (URA):<br \/>\n<span class=\"wpcf7-form-control-wrap\" data-name=\"text-322\"><input size=\"40\" maxlength=\"400\" class=\"wpcf7-form-control wpcf7-text wpcf7-validates-as-required\" aria-required=\"true\" aria-invalid=\"false\" placeholder=\"npr.: ob 18 uri ali 18.30\" value=\"\" type=\"text\" name=\"text-322\" \/><\/span><br \/>\nKONEC DOGODKA (DATUM):<br \/>\n<span class=\"wpcf7-form-control-wrap\" data-name=\"text-283\"><input size=\"40\" maxlength=\"400\" class=\"wpcf7-form-control wpcf7-text\" aria-invalid=\"false\" placeholder=\"npr.: 02.04.2015\" value=\"\" type=\"text\" name=\"text-283\" \/><\/span><br \/>\nKONEC DOGODKA (URA):<br \/>\n<span class=\"wpcf7-form-control-wrap\" data-name=\"text-756\"><input size=\"40\" maxlength=\"400\" class=\"wpcf7-form-control wpcf7-text\" aria-invalid=\"false\" placeholder=\"npr.: ob 20 uri ali 23.30\" value=\"\" type=\"text\" name=\"text-756\" \/><\/span>\n<\/p>\n<p>ORGANIZATOR DOGODKA (obvezno):<br \/>\n<span class=\"wpcf7-form-control-wrap\" data-name=\"text-18\"><input size=\"40\" maxlength=\"400\" class=\"wpcf7-form-control wpcf7-text wpcf7-validates-as-required\" aria-required=\"true\" aria-invalid=\"false\" value=\"\" type=\"text\" name=\"text-18\" \/><\/span>\n<\/p>\n<p>DODATNA ZUNANJA POVEZAVA (URL organizatorja ali dogodka - neobvezno):<br \/>\n<span class=\"wpcf7-form-control-wrap\" data-name=\"url-283\"><input size=\"40\" maxlength=\"400\" class=\"wpcf7-form-control wpcf7-url wpcf7-text wpcf7-validates-as-url\" aria-invalid=\"false\" placeholder=\"http:\/\/\" value=\"\" type=\"url\" name=\"url-283\" \/><\/span>\n<\/p>\n<p>PREVERJANJE PRISTNOSTI\n<\/p>\n<p><input type=\"hidden\" name=\"_wpcf7_captcha_challenge_captcha-716\" value=\"1027787138\" \/><img decoding=\"async\" class=\"wpcf7-form-control wpcf7-captchac wpcf7-captcha-captcha-716\" width=\"84\" height=\"28\" alt=\"captcha\" src=\"https:\/\/mozirje.info\/mozirje\/wp-content\/uploads\/wpcf7_captcha\/1027787138.png\" \/>\n<\/p>\n<p>(prepi\u0161ite \u010drke iz slike v varnostno polje)\n<\/p>\n<p><span class=\"wpcf7-form-control-wrap\" data-name=\"captcha-716\"><input size=\"40\" class=\"wpcf7-form-control wpcf7-captchar\" autocomplete=\"off\" aria-invalid=\"false\" value=\"\" type=\"text\" name=\"captcha-716\" \/><\/span>\n<\/p>\n<p><b>STRINJANJE S POGOJI OBJAVE OZ. DODAJANJA DOGODKA<\/b>\n<\/p>\n<p><i>Portal Mozirje.info si pridr\u017euje pravico do neobjave dogodka \u010de:<br \/>\n- dogodek po mnenju administratorja ni primeren za objavo<br \/>\n- iz vpisanih vsebin ni mo\u017eno razbrati in potrditi pravilnih podatkov<br \/>\n- dogodek vsebuje komercialna sporo\u010dila ali vsebino - tako dogodki so lahko vpisani, \u010de so obra\u010dunani po veljavnem ceniku za vpis komercialnih dogodkov v KOLEDAR DOGODKOV (cenik komercialnih dogodkov najdete na povezavi: http:\/\/www.mozirje.info\/mozirje\/kontakt\/cenik). <\/i>\n<\/p>\n<p><b>Strinjam se s pogoji.<\/b><span class=\"wpcf7-form-control-wrap\" data-name=\"acceptance-320\"><span class=\"wpcf7-form-control wpcf7-acceptance\"><span class=\"wpcf7-list-item\"><input type=\"checkbox\" name=\"acceptance-320\" value=\"1\" checked=\"checked\" aria-invalid=\"false\" \/><\/span><\/span><\/span>\n<\/p>\n<p><input class=\"wpcf7-form-control wpcf7-submit has-spinner\" type=\"submit\" value=\"Po\u0161lji in dodaj dogodek\" \/>\n<\/p><p style=\"display: none !important;\" class=\"akismet-fields-container\" data-prefix=\"_wpcf7_ak_\"><label>&#916;<textarea name=\"_wpcf7_ak_hp_textarea\" cols=\"45\" rows=\"8\" maxlength=\"100\"><\/textarea><\/label><input type=\"hidden\" id=\"ak_js_1\" name=\"_wpcf7_ak_js\" value=\"132\"\/><script>document.getElementById( \"ak_js_1\" ).setAttribute( \"value\", ( new Date() ).getTime() );<\/script><\/p><div class=\"wpcf7-response-output\" aria-hidden=\"true\"><\/div>\n<\/form>\n<\/div>\n\n","protected":false},"excerpt":{"rendered":"","protected":false},"author":1,"featured_media":0,"parent":19,"menu_order":0,"comment_status":"open","ping_status":"open","template":"","meta":{"footnotes":""},"class_list":["post-883","page","type-page","status-publish","hentry"],"aioseo_notices":[],"_links":{"self":[{"href":"https:\/\/mozirje.info\/mozirje\/wp-json\/wp\/v2\/pages\/883","targetHints":{"allow":["GET"]}}],"collection":[{"href":"https:\/\/mozirje.info\/mozirje\/wp-json\/wp\/v2\/pages"}],"about":[{"href":"https:\/\/mozirje.info\/mozirje\/wp-json\/wp\/v2\/types\/page"}],"author":[{"embeddable":true,"href":"https:\/\/mozirje.info\/mozirje\/wp-json\/wp\/v2\/users\/1"}],"replies":[{"embeddable":true,"href":"https:\/\/mozirje.info\/mozirje\/wp-json\/wp\/v2\/comments?post=883"}],"version-history":[{"count":2,"href":"https:\/\/mozirje.info\/mozirje\/wp-json\/wp\/v2\/pages\/883\/revisions"}],"predecessor-version":[{"id":4045,"href":"https:\/\/mozirje.info\/mozirje\/wp-json\/wp\/v2\/pages\/883\/revisions\/4045"}],"up":[{"embeddable":true,"href":"https:\/\/mozirje.info\/mozirje\/wp-json\/wp\/v2\/pages\/19"}],"wp:attachment":[{"href":"https:\/\/mozirje.info\/mozirje\/wp-json\/wp\/v2\/media?parent=883"}],"curies":[{"name":"wp","href":"https:\/\/api.w.org\/{rel}","templated":true}]}}